{"id":16724,"date":"2022-08-09T15:54:23","date_gmt":"2022-08-09T19:54:23","guid":{"rendered":"http:\/\/farmaciaschile.srtv.cl\/index.php\/producto\/cena-tamsulosina-0-4-mg-x-30-capsulas\/"},"modified":"2026-04-07T09:12:11","modified_gmt":"2026-04-07T13:12:11","slug":"cena-tamsulosina-0-4-mg-x-30-capsulas","status":"publish","type":"product","link":"https:\/\/farmaciaschilespa.cl\/index.php\/producto\/cena-tamsulosina-0-4-mg-x-30-capsulas\/","title":{"rendered":"CENA TAMSULOSINA 0.4 MG X 30 CAPSULAS"},"content":{"rendered":"","protected":false},"excerpt":{"rendered":"<p>Cada c\u00e1psula con gr\u00e1nulos recubiertos de liberaci\u00f3n prolongada contiene Tamsulosina Clorhidrato 0.4 mg<\/p>\n","protected":false},"featured_media":17078,"template":"","meta":{"_acf_changed":false},"product_brand":[],"product_cat":[1918,1649,1647],"product_tag":[],"class_list":{"0":"post-16724","1":"product","2":"type-product","3":"status-publish","4":"has-post-thumbnail","6":"product_cat-genericos","7":"product_cat-cenabast","8":"product_cat-receta-simple","9":"pa_aviso-legal-descripcion","10":"pa_sub-categoria-laboratorio-cenabast","12":"first","13":"outofstock","14":"shipping-taxable","15":"purchasable","16":"product-type-simple"},"acf":[],"_links":{"self":[{"href":"https:\/\/farmaciaschilespa.cl\/index.php\/wp-json\/wp\/v2\/product\/16724","targetHints":{"allow":["GET"]}}],"collection":[{"href":"https:\/\/farmaciaschilespa.cl\/index.php\/wp-json\/wp\/v2\/product"}],"about":[{"href":"https:\/\/farmaciaschilespa.cl\/index.php\/wp-json\/wp\/v2\/types\/product"}],"wp:featuredmedia":[{"embeddable":true,"href":"https:\/\/farmaciaschilespa.cl\/index.php\/wp-json\/wp\/v2\/media\/17078"}],"wp:attachment":[{"href":"https:\/\/farmaciaschilespa.cl\/index.php\/wp-json\/wp\/v2\/media?parent=16724"}],"wp:term":[{"taxonomy":"product_brand","embeddable":true,"href":"https:\/\/farmaciaschilespa.cl\/index.php\/wp-json\/wp\/v2\/product_brand?post=16724"},{"taxonomy":"product_cat","embeddable":true,"href":"https:\/\/farmaciaschilespa.cl\/index.php\/wp-json\/wp\/v2\/product_cat?post=16724"},{"taxonomy":"product_tag","embeddable":true,"href":"https:\/\/farmaciaschilespa.cl\/index.php\/wp-json\/wp\/v2\/product_tag?post=16724"}],"curies":[{"name":"wp","href":"https:\/\/api.w.org\/{rel}","templated":true}]}}