{"id":15562,"date":"2022-06-23T11:58:53","date_gmt":"2022-06-23T15:58:53","guid":{"rendered":"http:\/\/farmaciaschile.srtv.cl\/?page_id=15562"},"modified":"2024-04-26T16:25:26","modified_gmt":"2024-04-26T20:25:26","slug":"sucursales","status":"publish","type":"page","link":"https:\/\/farmaciaschilespa.cl\/index.php\/sucursales\/","title":{"rendered":"Sucursales"},"content":{"rendered":"<section class=\"l-section wpb_row height_custom\"><div class=\"l-section-h i-cf\"><div class=\"g-cols vc_row type_default valign_top\"><div class=\"vc_col-sm-6 wpb_column vc_column_container\"><div class=\"vc_column-inner\"><div class=\"wpb_wrapper\"><div class=\"wpb_text_column\" ><div class=\"wpb_wrapper\"><h4>CASA MATRIZ<\/h4>\n<p>Direcci\u00f3n: Av. Vicu\u00f1a Mackenna 747, Santiago.<\/p>\n<p>Lunes a Viernes: 10:00 a 19:00 hrs<br \/>\nS\u00e1bados: 10:00 a 15:00 hrs<\/p>\n<p><a href=\"mailto:vicuna@farmaciaschilespa.cl\">vicuna@farmaciaschilespa.cl<\/a><br \/>\n<a href=\"tel:56975259804\">+56975259804<\/a><\/p>\n<p>+562 26345993<\/p>\n<\/div><\/div><\/div><\/div><\/div><div class=\"vc_col-sm-6 wpb_column vc_column_container\"><div class=\"vc_column-inner\"><div class=\"wpb_wrapper\"><div class=\"wpb_text_column\" ><div class=\"wpb_wrapper\"><p><iframe loading=\"lazy\" style=\"border: 0;\" src=\"https:\/\/www.google.com\/maps\/embed?pb=!1m14!1m8!1m3!1d13315.673202708665!2d-70.631415!3d-33.451435!3m2!1i1024!2i768!4f13.1!3m3!1m2!1s0x9662c57af06d77a7%3A0x1e9e7e6088c705ae!2sVicuna%20Mackenna%20-%20Vicu%C3%B1a%20Mackenna%20747%2C%20Santiago%2C%208330435%2C%20Regi%C3%B3n%20Metropolitana!5e0!3m2!1ses-419!2scl!4v1655999872519!5m2!1ses-419!2scl\" width=\"100%\" height=\"300\" allowfullscreen=\"allowfullscreen\"><span data-mce-type=\"bookmark\" style=\"display: inline-block; width: 0px; overflow: hidden; line-height: 0;\" class=\"mce_SELRES_start\">\ufeff<\/span><\/iframe><\/p>\n<\/div><\/div><\/div><\/div><\/div><\/div><\/div><\/section><section class=\"l-section wpb_row height_custom\"><div class=\"l-section-h i-cf\"><div class=\"g-cols vc_row type_default valign_top\"><div class=\"vc_col-sm-6 wpb_column vc_column_container\"><div class=\"vc_column-inner\"><div class=\"wpb_wrapper\"><div class=\"wpb_text_column\" ><div class=\"wpb_wrapper\"><h4>SUCURSAL CARMEN<\/h4>\n<p>Direcci\u00f3n: Carmen 478, Santiago.<\/p>\n<p>Lunes a Viernes: 10:00 a 19:00 hrs<br \/>\nS\u00e1bados: 10:00 a 15:00 hrs<\/p>\n<p><a href=\"mailto:carmen@farmaciaschilespa.cl\">carmen@farmaciaschilespa.cl<\/a><br \/>\n<a href=\"tel:56945484342\">+56945484342<\/a><\/p>\n<\/div><\/div><\/div><\/div><\/div><div class=\"vc_col-sm-6 wpb_column vc_column_container\"><div class=\"vc_column-inner\"><div class=\"wpb_wrapper\"><div class=\"wpb_text_column\" ><div class=\"wpb_wrapper\"><p><iframe loading=\"lazy\" style=\"border: 0;\" src=\"https:\/\/www.google.com\/maps\/embed?pb=!1m14!1m8!1m3!1d6658.0229936935175!2d-70.64232!3d-33.449007!3m2!1i1024!2i768!4f13.1!3m3!1m2!1s0x9662c574772b6edf%3A0x766c23f2ad2255e7!2sCarmen%20478%2C%20Santiago%2C%208330925%2C%20Regi%C3%B3n%20Metropolitana!5e0!3m2!1ses-419!2scl!4v1656000043465!5m2!1ses-419!2scl\" width=\"100%\" height=\"300\" allowfullscreen=\"allowfullscreen\"><span data-mce-type=\"bookmark\" style=\"display: inline-block; width: 0px; overflow: hidden; line-height: 0;\" class=\"mce_SELRES_start\">\ufeff<\/span><\/iframe><\/p>\n<\/div><\/div><\/div><\/div><\/div><\/div><\/div><\/section><section class=\"l-section wpb_row height_custom\"><div class=\"l-section-h i-cf\"><div class=\"g-cols vc_row type_default valign_top\"><div class=\"vc_col-sm-6 wpb_column vc_column_container\"><div class=\"vc_column-inner\"><div class=\"wpb_wrapper\"><div class=\"wpb_text_column\" ><div class=\"wpb_wrapper\"><h4>SUCURSAL MERCED<\/h4>\n<p>Direcci\u00f3n: Merced 618, Santiago.<\/p>\n<p>Lunes a Viernes: 10:00 a 19:00 hrs<br \/>\nS\u00e1bados: 10:00 a 15:00 hrs<\/p>\n<p><a href=\"mailto:merced@farmaciaschilespa.cl\">merced@farmaciaschilespa.cl<\/a><br \/>\n<a href=\"tel:56953218920\">+56953218920<\/a><\/p>\n<\/div><\/div><\/div><\/div><\/div><div class=\"vc_col-sm-6 wpb_column vc_column_container\"><div class=\"vc_column-inner\"><div class=\"wpb_wrapper\"><div class=\"wpb_text_column\" ><div class=\"wpb_wrapper\"><p><iframe loading=\"lazy\" style=\"border: 0;\" src=\"https:\/\/www.google.com\/maps\/embed?pb=!1m14!1m8!1m3!1d6658.846185826078!2d-70.646121!3d-33.438282!3m2!1i1024!2i768!4f13.1!3m3!1m2!1s0x9662c5a272ec245d%3A0x45b5afc80caa4fde!2sMerced%20618%2C%20Santiago%2C%20Regi%C3%B3n%20Metropolitana!5e0!3m2!1ses-419!2scl!4v1656000107933!5m2!1ses-419!2scl\" width=\"100%\" height=\"300\" allowfullscreen=\"allowfullscreen\"><span data-mce-type=\"bookmark\" style=\"display: inline-block; width: 0px; overflow: hidden; line-height: 0;\" class=\"mce_SELRES_start\">\ufeff<\/span><\/iframe><\/p>\n<\/div><\/div><\/div><\/div><\/div><\/div><\/div><\/section><section class=\"l-section wpb_row height_custom\"><div class=\"l-section-h i-cf\"><div class=\"g-cols vc_row type_default valign_top\"><div class=\"vc_col-sm-6 wpb_column vc_column_container\"><div class=\"vc_column-inner\"><div class=\"wpb_wrapper\"><div class=\"wpb_text_column\" ><div class=\"wpb_wrapper\"><h4>SUCURSAL ZA\u00d1ARTU<\/h4>\n<p>Direcci\u00f3n: Za\u00f1artu 1100, Local 4, Comuna de \u00d1u\u00f1oa.<\/p>\n<p>Lunes a Viernes: 10:00 a 19:00 hrs<br \/>\nS\u00e1bados: 10:00 a 15:00 hrs<\/p>\n<p><a href=\"mailto:zanartu@farmaciaschilespa.cl\">zanartu@farmaciaschilespa.cl<\/a><br \/>\n<a href=\"https:\/\/api.whatsapp.com\/send\/?phone=56987055147\">+56987055147<\/a><\/p>\n<\/div><\/div><\/div><\/div><\/div><div class=\"vc_col-sm-6 wpb_column vc_column_container\"><div class=\"vc_column-inner\"><div class=\"wpb_wrapper\"><div class=\"wpb_text_column\" ><div class=\"wpb_wrapper\"><p><iframe loading=\"lazy\" style=\"border: 0;\" src=\"https:\/\/www.google.com\/maps\/embed?pb=!1m18!1m12!1m3!1d3328.088654662811!2d-70.62511648123866!3d-33.47304255353258!2m3!1f0!2f0!3f0!3m2!1i1024!2i768!4f13.1!3m3!1m2!1s0x9662cff7fa622c99%3A0x6ddbfaee9a240336!2zWmHDsWFydHUgMTEwMCwgw5F1w7FvYSwgUmVnacOzbiBNZXRyb3BvbGl0YW5h!5e0!3m2!1ses-419!2scl!4v1659124018582!5m2!1ses-419!2scl\" width=\"100%\" height=\"300\" allowfullscreen=\"allowfullscreen\"><span data-mce-type=\"bookmark\" style=\"display: inline-block; width: 0px; overflow: hidden; line-height: 0;\" class=\"mce_SELRES_start\">\ufeff<\/span><\/iframe><\/p>\n<\/div><\/div><\/div><\/div><\/div><\/div><\/div><\/section><section class=\"l-section wpb_row height_custom\"><div class=\"l-section-h i-cf\"><div class=\"g-cols vc_row type_default valign_top\"><div class=\"vc_col-sm-6 wpb_column vc_column_container\"><div class=\"vc_column-inner\"><div class=\"wpb_wrapper\"><div class=\"wpb_text_column\" ><div class=\"wpb_wrapper\"><h4>SUCURSAL MAIP\u00da<\/h4>\n<p>Direcci\u00f3n: Av. Presidente Alessandri Rodr\u00edguez 944, Local 15, Comuna de Maip\u00fa.<\/p>\n<p>Lunes a Viernes: 11:00 a 21:00 hrs<br \/>\nS\u00e1bados: 11:00 a 16:00 hrs<\/p>\n<p><a href=\"https:\/\/api.whatsapp.com\/send\/?phone=56940073064\">+56940073064<\/a><\/p>\n<\/div><\/div><\/div><\/div><\/div><div class=\"vc_col-sm-6 wpb_column vc_column_container\"><div class=\"vc_column-inner\"><div class=\"wpb_wrapper\"><div class=\"wpb_text_column\" ><div class=\"wpb_wrapper\"><p><iframe loading=\"lazy\" style=\"border: 0;\" src=\"https:\/\/www.google.com\/maps\/embed?pb=!1m18!1m12!1m3!1d3327.6898472453204!2d-70.76825661180189!3d-33.483424830542624!2m3!1f0!2f0!3f0!3m2!1i1024!2i768!4f13.1!3m3!1m2!1s0x9662c3ac2ebeae97%3A0x559824aeb256744c!2sAv.%20Pdte.%20Jorge%20Alessandri%20Rodr%C3%ADguez%20944%2C%20Local%2015%2C%209250000%20Maip%C3%BA%2C%20Regi%C3%B3n%20Metropolitana!5e0!3m2!1ses-419!2scl!4v1714159569383!5m2!1ses-419!2scl\" width=\"100%\" height=\"300\" allowfullscreen=\"allowfullscreen\"><\/iframe><\/p>\n<\/div><\/div><\/div><\/div><\/div><\/div><\/div><\/section>\n","protected":false},"excerpt":{"rendered":"CASA MATRIZ Direcci\u00f3n: Av. Vicu\u00f1a Mackenna 747, Santiago. Lunes a Viernes: 10:00 a 19:00 hrs S\u00e1bados: 10:00 a 15:00 hrs vicuna@farmaciaschilespa.cl +56975259804 +562 26345993 \ufeff SUCURSAL CARMEN Direcci\u00f3n: Carmen 478, Santiago. Lunes a Viernes: 10:00 a 19:00 hrs S\u00e1bados: 10:00 a 15:00 hrs carmen@farmaciaschilespa.cl +56945484342 \ufeff SUCURSAL MERCED Direcci\u00f3n: Merced 618, Santiago. Lunes a Viernes:...","protected":false},"author":7,"featured_media":0,"parent":0,"menu_order":0,"comment_status":"closed","ping_status":"closed","template":"","meta":{"_acf_changed":false,"footnotes":""},"class_list":["post-15562","page","type-page","status-publish","hentry"],"acf":[],"_links":{"self":[{"href":"https:\/\/farmaciaschilespa.cl\/index.php\/wp-json\/wp\/v2\/pages\/15562","targetHints":{"allow":["GET"]}}],"collection":[{"href":"https:\/\/farmaciaschilespa.cl\/index.php\/wp-json\/wp\/v2\/pages"}],"about":[{"href":"https:\/\/farmaciaschilespa.cl\/index.php\/wp-json\/wp\/v2\/types\/page"}],"author":[{"embeddable":true,"href":"https:\/\/farmaciaschilespa.cl\/index.php\/wp-json\/wp\/v2\/users\/7"}],"replies":[{"embeddable":true,"href":"https:\/\/farmaciaschilespa.cl\/index.php\/wp-json\/wp\/v2\/comments?post=15562"}],"version-history":[{"count":10,"href":"https:\/\/farmaciaschilespa.cl\/index.php\/wp-json\/wp\/v2\/pages\/15562\/revisions"}],"predecessor-version":[{"id":22841,"href":"https:\/\/farmaciaschilespa.cl\/index.php\/wp-json\/wp\/v2\/pages\/15562\/revisions\/22841"}],"wp:attachment":[{"href":"https:\/\/farmaciaschilespa.cl\/index.php\/wp-json\/wp\/v2\/media?parent=15562"}],"curies":[{"name":"wp","href":"https:\/\/api.w.org\/{rel}","templated":true}]}}